{"id":28624,"date":"2023-03-31T02:28:03","date_gmt":"2023-03-31T02:28:03","guid":{"rendered":"https:\/\/koryo.ca\/home\/"},"modified":"2025-09-05T15:07:32","modified_gmt":"2025-09-05T15:07:32","slug":"home","status":"publish","type":"page","link":"https:\/\/koryo.ca\/fr\/","title":{"rendered":"Home"},"content":{"rendered":"\t\t<div data-elementor-type=\"wp-page\" data-elementor-id=\"28624\" class=\"elementor elementor-28624 elementor-56\" data-elementor-post-type=\"page\">\n\t\t\t\t<div data-particle_enable=\"false\" data-particle-mobile-disabled=\"false\" class=\"elementor-element elementor-element-a3c782c e-flex e-con-boxed e-con e-parent\" data-id=\"a3c782c\" data-element_type=\"container\" data-e-type=\"container\" data-settings=\"{&quot;background_background&quot;:&quot;classic&quot;}\">\n\t\t\t\t\t<div class=\"e-con-inner\">\n\t\t\t\t\t<\/div>\n\t\t\t\t<\/div>\n\t\t<div data-particle_enable=\"false\" data-particle-mobile-disabled=\"false\" class=\"elementor-element elementor-element-48aa4e5 e-grid e-con-boxed e-con e-parent\" data-id=\"48aa4e5\" data-element_type=\"container\" data-e-type=\"container\" data-settings=\"{&quot;background_background&quot;:&quot;classic&quot;}\">\n\t\t\t\t\t<div class=\"e-con-inner\">\n\t\t<div data-particle_enable=\"false\" data-particle-mobile-disabled=\"false\" class=\"elementor-element elementor-element-336e9ac e-con-full e-flex e-con e-child\" data-id=\"336e9ac\" data-element_type=\"container\" data-e-type=\"container\" data-settings=\"{&quot;background_background&quot;:&quot;classic&quot;}\">\n\t\t\t\t<div class=\"elementor-element elementor-element-79745fb elementor-widget elementor-widget-spacer\" data-id=\"79745fb\" data-element_type=\"widget\" data-e-type=\"widget\" data-widget_type=\"spacer.default\">\n\t\t\t\t<div class=\"elementor-widget-container\">\n\t\t\t\t\t\t\t<div class=\"elementor-spacer\">\n\t\t\t<div class=\"elementor-spacer-inner\"><\/div>\n\t\t<\/div>\n\t\t\t\t\t\t<\/div>\n\t\t\t\t<\/div>\n\t\t<div data-particle_enable=\"false\" data-particle-mobile-disabled=\"false\" class=\"elementor-element elementor-element-aea9073 e-con-full e-flex e-con e-child\" data-id=\"aea9073\" data-element_type=\"container\" data-e-type=\"container\" data-settings=\"{&quot;background_background&quot;:&quot;classic&quot;}\">\n\t\t\t\t<div class=\"elementor-element elementor-element-e8d526a elementor-widget elementor-widget-text-editor\" data-id=\"e8d526a\" data-element_type=\"widget\" data-e-type=\"widget\" data-widget_type=\"text-editor.default\">\n\t\t\t\t<div class=\"elementor-widget-container\">\n\t\t\t\t\t\t\t\t\t<h4><span class=\"TextRun SCXW214297752 BCX0\" lang=\"FR-CA\" xml:lang=\"FR-CA\" data-contrast=\"auto\"><span class=\"NormalTextRun SCXW214297752 BCX0\">Rien ne fait autant plaisir que d\u2019offrir tout le bon go\u00fbt du BBQ cor\u00e9en. Achetez une carte-cadeau <\/span><span class=\"NormalTextRun SpellingErrorV2Themed SCXW214297752 BCX0\">Koryo<\/span><span class=\"NormalTextRun SCXW214297752 BCX0\"> d\u00e8s aujourd\u2019hui!\u00a0<\/span><\/span><span class=\"EOP SCXW214297752 BCX0\" data-ccp-props=\"{}\">\u00a0<\/span><\/h4>\t\t\t\t\t\t\t\t<\/div>\n\t\t\t\t<\/div>\n\t\t\t\t<div class=\"elementor-element elementor-element-0450ac0 elementor-align-right elementor-widget elementor-widget-button\" data-id=\"0450ac0\" data-element_type=\"widget\" data-e-type=\"widget\" data-widget_type=\"button.default\">\n\t\t\t\t<div class=\"elementor-widget-container\">\n\t\t\t\t\t\t\t\t\t<div class=\"elementor-button-wrapper\">\n\t\t\t\t\t<a class=\"elementor-button elementor-button-link elementor-size-sm\" href=\"https:\/\/order.koryo.ca\/send-gift-card\">\n\t\t\t\t\t\t<span class=\"elementor-button-content-wrapper\">\n\t\t\t\t\t\t\t\t\t<span class=\"elementor-button-text\">ACHETEZ MAINTENANT <\/span>\n\t\t\t\t\t<\/span>\n\t\t\t\t\t<\/a>\n\t\t\t\t<\/div>\n\t\t\t\t\t\t\t\t<\/div>\n\t\t\t\t<\/div>\n\t\t\t\t<\/div>\n\t\t\t\t<\/div>\n\t\t<div data-particle_enable=\"false\" data-particle-mobile-disabled=\"false\" class=\"elementor-element elementor-element-e0433a4 e-con-full e-flex e-con e-child\" data-id=\"e0433a4\" data-element_type=\"container\" data-e-type=\"container\" data-settings=\"{&quot;background_background&quot;:&quot;classic&quot;}\">\n\t\t\t\t<div class=\"elementor-element elementor-element-bc3f5a5 elementor-widget elementor-widget-spacer\" data-id=\"bc3f5a5\" data-element_type=\"widget\" data-e-type=\"widget\" data-widget_type=\"spacer.default\">\n\t\t\t\t<div class=\"elementor-widget-container\">\n\t\t\t\t\t\t\t<div class=\"elementor-spacer\">\n\t\t\t<div class=\"elementor-spacer-inner\"><\/div>\n\t\t<\/div>\n\t\t\t\t\t\t<\/div>\n\t\t\t\t<\/div>\n\t\t<div data-particle_enable=\"false\" data-particle-mobile-disabled=\"false\" class=\"elementor-element elementor-element-cff5e72 e-con-full e-flex e-con e-child\" data-id=\"cff5e72\" data-element_type=\"container\" data-e-type=\"container\" data-settings=\"{&quot;background_background&quot;:&quot;classic&quot;}\">\n\t\t\t\t<div class=\"elementor-element elementor-element-fbd4391 elementor-widget elementor-widget-text-editor\" data-id=\"fbd4391\" data-element_type=\"widget\" data-e-type=\"widget\" data-widget_type=\"text-editor.default\">\n\t\t\t\t<div class=\"elementor-widget-container\">\n\t\t\t\t\t\t\t\t\t<h4><span class=\"TextRun SCXW52064061 BCX0\" lang=\"FR-CA\" xml:lang=\"FR-CA\" data-contrast=\"auto\"><span class=\"NormalTextRun SCXW52064061 BCX0\">Devenez propri\u00e9taire d\u2019une franchise. Notre mod\u00e8le de restauration rapide efficace et attrayant offre aux clients une vari\u00e9t\u00e9 d\u2019options all\u00e9chantes.\u00a0<\/span><\/span><span class=\"EOP SCXW52064061 BCX0\" data-ccp-props=\"{}\">\u00a0<\/span><\/h4>\t\t\t\t\t\t\t\t<\/div>\n\t\t\t\t<\/div>\n\t\t\t\t<div class=\"elementor-element elementor-element-c1b811e elementor-align-right elementor-widget elementor-widget-button\" data-id=\"c1b811e\" data-element_type=\"widget\" data-e-type=\"widget\" data-widget_type=\"button.default\">\n\t\t\t\t<div class=\"elementor-widget-container\">\n\t\t\t\t\t\t\t\t\t<div class=\"elementor-button-wrapper\">\n\t\t\t\t\t<a class=\"elementor-button elementor-button-link elementor-size-sm\" href=\"https:\/\/mtyfranchising.com\/brands\/koryo-korean-bbq\/\" target=\"_blank\">\n\t\t\t\t\t\t<span class=\"elementor-button-content-wrapper\">\n\t\t\t\t\t\t\t\t\t<span class=\"elementor-button-text\">D\u00c9COUVREZ COMMENT  <\/span>\n\t\t\t\t\t<\/span>\n\t\t\t\t\t<\/a>\n\t\t\t\t<\/div>\n\t\t\t\t\t\t\t\t<\/div>\n\t\t\t\t<\/div>\n\t\t\t\t<\/div>\n\t\t\t\t<\/div>\n\t\t\t\t\t<\/div>\n\t\t\t\t<\/div>\n\t\t<div data-particle_enable=\"false\" data-particle-mobile-disabled=\"false\" class=\"elementor-element elementor-element-25ec6db e-flex e-con-boxed e-con e-parent\" data-id=\"25ec6db\" data-element_type=\"container\" data-e-type=\"container\">\n\t\t\t\t\t<div class=\"e-con-inner\">\n\t\t<div data-particle_enable=\"false\" data-particle-mobile-disabled=\"false\" class=\"elementor-element elementor-element-4fc0dd6 e-con-full e-flex e-con e-child\" data-id=\"4fc0dd6\" data-element_type=\"container\" data-e-type=\"container\">\n\t\t<div data-particle_enable=\"false\" data-particle-mobile-disabled=\"false\" class=\"elementor-element elementor-element-6408363 e-con-full e-flex e-con e-child\" data-id=\"6408363\" data-element_type=\"container\" data-e-type=\"container\">\n\t\t\t\t<\/div>\n\t\t\t\t<\/div>\n\t\t<div data-particle_enable=\"false\" data-particle-mobile-disabled=\"false\" class=\"elementor-element elementor-element-89997b7 e-con-full e-flex e-con e-child\" data-id=\"89997b7\" data-element_type=\"container\" data-e-type=\"container\">\n\t\t\t\t<\/div>\n\t\t\t\t\t<\/div>\n\t\t\t\t<\/div>\n\t\t\t\t<\/div>\n\t\t","protected":false},"excerpt":{"rendered":"<p>Rien ne fait autant plaisir que d\u2019offrir tout le bon go\u00fbt du BBQ cor\u00e9en. Achetez une carte-cadeau Koryo d\u00e8s aujourd\u2019hui!\u00a0\u00a0 ACHETEZ MAINTENANT Devenez propri\u00e9taire d\u2019une franchise. Notre mod\u00e8le de restauration rapide efficace et attrayant offre aux clients une vari\u00e9t\u00e9 d\u2019options all\u00e9chantes.\u00a0\u00a0 D\u00c9COUVREZ COMMENT<\/p>\n","protected":false},"author":1,"featured_media":0,"parent":0,"menu_order":0,"comment_status":"closed","ping_status":"closed","template":"","meta":{"_acf_changed":false,"footnotes":""},"class_list":["post-28624","page","type-page","status-publish","hentry"],"acf":[],"_links":{"self":[{"href":"https:\/\/koryo.ca\/fr\/wp-json\/wp\/v2\/pages\/28624","targetHints":{"allow":["GET"]}}],"collection":[{"href":"https:\/\/koryo.ca\/fr\/wp-json\/wp\/v2\/pages"}],"about":[{"href":"https:\/\/koryo.ca\/fr\/wp-json\/wp\/v2\/types\/page"}],"author":[{"embeddable":true,"href":"https:\/\/koryo.ca\/fr\/wp-json\/wp\/v2\/users\/1"}],"replies":[{"embeddable":true,"href":"https:\/\/koryo.ca\/fr\/wp-json\/wp\/v2\/comments?post=28624"}],"version-history":[{"count":0,"href":"https:\/\/koryo.ca\/fr\/wp-json\/wp\/v2\/pages\/28624\/revisions"}],"wp:attachment":[{"href":"https:\/\/koryo.ca\/fr\/wp-json\/wp\/v2\/media?parent=28624"}],"curies":[{"name":"wp","href":"https:\/\/api.w.org\/{rel}","templated":true}]}}