{"id":28657,"date":"2025-03-20T21:13:16","date_gmt":"2025-03-20T21:13:16","guid":{"rendered":"https:\/\/koryo.ca\/kor-aboutus\/"},"modified":"2025-07-22T16:22:04","modified_gmt":"2025-07-22T16:22:04","slug":"kor-aboutus","status":"publish","type":"page","link":"https:\/\/koryo.ca\/fr\/kor-aboutus\/","title":{"rendered":"KOR-AboutUs"},"content":{"rendered":"\t\t<div data-elementor-type=\"wp-page\" data-elementor-id=\"28657\" class=\"elementor elementor-28657 elementor-27799\" data-elementor-post-type=\"page\">\n\t\t\t\t<div data-particle_enable=\"false\" data-particle-mobile-disabled=\"false\" class=\"elementor-element elementor-element-7aab02c e-con-full e-flex e-con e-parent\" data-id=\"7aab02c\" data-element_type=\"container\" data-e-type=\"container\">\n\t\t<div data-particle_enable=\"false\" data-particle-mobile-disabled=\"false\" class=\"elementor-element elementor-element-c2c2e54 e-con-full e-flex e-con e-child\" data-id=\"c2c2e54\" data-element_type=\"container\" data-e-type=\"container\" data-settings=\"{&quot;background_background&quot;:&quot;classic&quot;}\">\n\t\t<div data-particle_enable=\"false\" data-particle-mobile-disabled=\"false\" class=\"elementor-element elementor-element-02bdd5c e-con-full e-flex e-con e-child\" data-id=\"02bdd5c\" data-element_type=\"container\" data-e-type=\"container\">\n\t\t\t\t<div class=\"elementor-element elementor-element-bcc865e elementor-widget elementor-widget-text-editor\" data-id=\"bcc865e\" data-element_type=\"widget\" data-e-type=\"widget\" data-widget_type=\"text-editor.default\">\n\t\t\t\t<div class=\"elementor-widget-container\">\n\t\t\t\t\t\t\t\t\t<p><span data-ccp-props=\"{}\">\u00a0<\/span><\/p><p><span data-contrast=\"auto\">Vous r\u00eavez de cuisine cor\u00e9enne? Vous \u00eates au bon endroit. Chez KORYO, nous servons rapidement d\u2019audacieux plats BBQ cor\u00e9ens frais et savoureux. Nous sommes tout feu tout flamme pour le go\u00fbt et l\u2019ambiance afin de satisfaire toutes vos fringales.\u00a0\u00a0\u00a0<\/span><span data-ccp-props=\"{}\">\u00a0<\/span><\/p>\t\t\t\t\t\t\t\t<\/div>\n\t\t\t\t<\/div>\n\t\t\t\t<\/div>\n\t\t\t\t<\/div>\n\t\t<div data-particle_enable=\"false\" data-particle-mobile-disabled=\"false\" class=\"elementor-element elementor-element-7d5d22a e-con-full e-flex e-con e-child\" data-id=\"7d5d22a\" data-element_type=\"container\" data-e-type=\"container\" data-settings=\"{&quot;background_background&quot;:&quot;classic&quot;}\">\n\t\t\t\t<\/div>\n\t\t\t\t<\/div>\n\t\t<div data-particle_enable=\"false\" data-particle-mobile-disabled=\"false\" class=\"elementor-element elementor-element-7e5b1eb e-con-full e-flex e-con e-parent\" data-id=\"7e5b1eb\" data-element_type=\"container\" data-e-type=\"container\">\n\t\t<div data-particle_enable=\"false\" data-particle-mobile-disabled=\"false\" class=\"elementor-element elementor-element-8c20d16 e-con-full e-flex e-con e-child\" data-id=\"8c20d16\" data-element_type=\"container\" data-e-type=\"container\" data-settings=\"{&quot;background_background&quot;:&quot;classic&quot;}\">\n\t\t<div data-particle_enable=\"false\" data-particle-mobile-disabled=\"false\" class=\"elementor-element elementor-element-510fe7d e-con-full e-flex e-con e-child\" data-id=\"510fe7d\" data-element_type=\"container\" data-e-type=\"container\">\n\t\t\t\t<div class=\"elementor-element elementor-element-861b8ff elementor-widget elementor-widget-heading\" data-id=\"861b8ff\" data-element_type=\"widget\" data-e-type=\"widget\" data-widget_type=\"heading.default\">\n\t\t\t\t<div class=\"elementor-widget-container\">\n\t\t\t\t\t<h2 class=\"elementor-heading-title elementor-size-default\">Savourez les classiques <\/h2>\t\t\t\t<\/div>\n\t\t\t\t<\/div>\n\t\t\t\t<\/div>\n\t\t\t\t<\/div>\n\t\t<div data-particle_enable=\"false\" data-particle-mobile-disabled=\"false\" class=\"elementor-element elementor-element-e988911 e-con-full e-flex e-con e-child\" data-id=\"e988911\" data-element_type=\"container\" data-e-type=\"container\" data-settings=\"{&quot;background_background&quot;:&quot;classic&quot;}\">\n\t\t<div data-particle_enable=\"false\" data-particle-mobile-disabled=\"false\" class=\"elementor-element elementor-element-1ec9581 e-con-full e-flex e-con e-child\" data-id=\"1ec9581\" data-element_type=\"container\" data-e-type=\"container\">\n\t\t\t\t<div class=\"elementor-element elementor-element-146b021 elementor-widget elementor-widget-text-editor\" data-id=\"146b021\" data-element_type=\"widget\" data-e-type=\"widget\" data-widget_type=\"text-editor.default\">\n\t\t\t\t<div class=\"elementor-widget-container\">\n\t\t\t\t\t\t\t\t\t<div><strong><span class=\"TextRun SCXW93200077 BCX0\" lang=\"FR-CA\" xml:lang=\"FR-CA\" data-contrast=\"auto\"><span class=\"NormalTextRun SCXW93200077 BCX0\">Savourez les classiques<\/span><\/span><span class=\"EOP SCXW93200077 BCX0\" data-ccp-props=\"{}\">\u00a0<\/span><\/strong><\/div><div><span class=\"TextRun SCXW224089601 BCX0\" lang=\"FR-CA\" xml:lang=\"FR-CA\" data-contrast=\"auto\"><span class=\"NormalTextRun SCXW224089601 BCX0\">Fond\u00e9e \u00e0 Calgary en Alberta en 1998, <\/span><span class=\"NormalTextRun SpellingErrorV2Themed SCXW224089601 BCX0\">Koryo<\/span><span class=\"NormalTextRun SCXW224089601 BCX0\"> charme ses clients avec ses plats BBQ authentiquement cor\u00e9ens depuis plus de 25 ans. Gr\u00e2ce \u00e0 nos restaurants \u00e9tablis \u00e0 la grandeur du pays, nous sommes fiers d\u2019\u00eatre reconnus pour nos <\/span><span class=\"NormalTextRun SCXW224089601 BCX0\">B<\/span><span class=\"NormalTextRun SCXW224089601 BCX0\">outs de c\u00f4tes BBQ, notre <\/span><span class=\"NormalTextRun SpellingErrorV2Themed SCXW224089601 BCX0\">B<\/span><span class=\"NormalTextRun SpellingErrorV2Themed SCXW224089601 BCX0\">ulgogi<\/span><span class=\"NormalTextRun SCXW224089601 BCX0\"> au b\u0153uf, notre <\/span><span class=\"NormalTextRun SpellingErrorV2Themed SCXW224089601 BCX0\">K<\/span><span class=\"NormalTextRun SpellingErrorV2Themed SCXW224089601 BCX0\">albi<\/span><span class=\"NormalTextRun SCXW224089601 BCX0\"> au poulet, et bien <\/span><span class=\"NormalTextRun SCXW224089601 BCX0\">entendu, nos c\u00e9l\u00e8bres pommes de terre \u00e0 l\u2019ail. Chez <\/span><span class=\"NormalTextRun SpellingErrorV2Themed SCXW224089601 BCX0\">Koryo<\/span><span class=\"NormalTextRun SCXW224089601 BCX0\">, l\u2019art de servir des saveurs audacieuses et le service exceptionnel nous passionnent; ce sont les ingr\u00e9dients cl\u00e9s qui nous d\u00e9finissent depuis le jour o\u00f9 nous avons ouvert nos portes.<\/span><\/span><span class=\"EOP SCXW224089601 BCX0\" data-ccp-props=\"{}\">\u00a0<\/span><\/div><div>\u00a0<\/div><div><div><strong><span class=\"TextRun SCXW9255255 BCX0\" lang=\"FR-CA\" xml:lang=\"FR-CA\" data-contrast=\"auto\"><span class=\"NormalTextRun SCXW9255255 BCX0\">Go\u00fbtez \u00e0 l\u2019avenir\u00a0<\/span><\/span><span class=\"EOP SCXW9255255 BCX0\" data-ccp-props=\"{}\">\u00a0<\/span><\/strong><\/div><div><span class=\"TextRun SCXW229204683 BCX0\" lang=\"FR-CA\" xml:lang=\"FR-CA\" data-contrast=\"auto\"><span class=\"NormalTextRun SpellingErrorV2Themed SCXW229204683 BCX0\">Koryo<\/span><span class=\"NormalTextRun SCXW229204683 BCX0\"> se r\u00e9invente constamment avec de nouveaux plats innovants inspir\u00e9s de la cuisine cor\u00e9enne de rue. De nos <\/span><span class=\"NormalTextRun SCXW229204683 BCX0\">F<\/span><span class=\"NormalTextRun SCXW229204683 BCX0\">rites<\/span><span class=\"NormalTextRun SCXW229204683 BCX0\"> cor\u00e9ennes<\/span><span class=\"NormalTextRun SCXW229204683 BCX0\"> en passant par notre <\/span><span class=\"NormalTextRun SCXW229204683 BCX0\">S<\/span><span class=\"NormalTextRun SCXW229204683 BCX0\">andwich au poulet frit, nous nous engageons \u00e0 cr\u00e9er de savoureuses recettes qui vous feront revenir encore et encore.<\/span><\/span><span class=\"EOP SCXW229204683 BCX0\" data-ccp-props=\"{}\">\u00a0<\/span><\/div><\/div>\t\t\t\t\t\t\t\t<\/div>\n\t\t\t\t<\/div>\n\t\t\t\t<\/div>\n\t\t\t\t<\/div>\n\t\t<div data-particle_enable=\"false\" data-particle-mobile-disabled=\"false\" class=\"elementor-element elementor-element-a3ffd29 e-con-full e-flex e-con e-child\" data-id=\"a3ffd29\" data-element_type=\"container\" data-e-type=\"container\" data-settings=\"{&quot;background_background&quot;:&quot;classic&quot;}\">\n\t\t\t\t<\/div>\n\t\t\t\t<\/div>\n\t\t<div data-particle_enable=\"false\" data-particle-mobile-disabled=\"false\" class=\"elementor-element elementor-element-253b43b e-con-full e-flex e-con e-parent\" data-id=\"253b43b\" data-element_type=\"container\" data-e-type=\"container\" data-settings=\"{&quot;background_background&quot;:&quot;classic&quot;}\">\n\t\t<div data-particle_enable=\"false\" data-particle-mobile-disabled=\"false\" class=\"elementor-element elementor-element-f7596d2 e-con-full e-flex e-con e-child\" data-id=\"f7596d2\" data-element_type=\"container\" data-e-type=\"container\" data-settings=\"{&quot;background_background&quot;:&quot;classic&quot;}\">\n\t\t\t\t<\/div>\n\t\t<div data-particle_enable=\"false\" data-particle-mobile-disabled=\"false\" class=\"elementor-element elementor-element-89c70d0 e-con-full e-flex e-con e-child\" data-id=\"89c70d0\" data-element_type=\"container\" data-e-type=\"container\" data-settings=\"{&quot;background_background&quot;:&quot;classic&quot;}\">\n\t\t<div data-particle_enable=\"false\" data-particle-mobile-disabled=\"false\" class=\"elementor-element elementor-element-2b88ef7 e-con-full e-flex e-con e-child\" data-id=\"2b88ef7\" data-element_type=\"container\" data-e-type=\"container\">\n\t\t\t\t<div class=\"elementor-element elementor-element-0a85082 elementor-hidden-desktop elementor-hidden-laptop elementor-hidden-tablet_extra elementor-hidden-tablet elementor-hidden-mobile_extra elementor-hidden-mobile elementor-widget elementor-widget-image\" data-id=\"0a85082\" data-element_type=\"widget\" data-e-type=\"widget\" data-widget_type=\"image.default\">\n\t\t\t\t<div class=\"elementor-widget-container\">\n\t\t\t\t\t\t\t\t\t\t\t\t\t\t\t<img fetchpriority=\"high\" decoding=\"async\" width=\"300\" height=\"205\" src=\"https:\/\/koryo.ca\/wp-content\/uploads\/2025\/04\/crave-korean-clean-300x205.png\" class=\"attachment-medium size-medium wp-image-28667\" alt=\"\" srcset=\"https:\/\/koryo.ca\/wp-content\/uploads\/2025\/04\/crave-korean-clean-300x205.png 300w, https:\/\/koryo.ca\/wp-content\/uploads\/2025\/04\/crave-korean-clean-1024x698.png 1024w, https:\/\/koryo.ca\/wp-content\/uploads\/2025\/04\/crave-korean-clean-768x524.png 768w, https:\/\/koryo.ca\/wp-content\/uploads\/2025\/04\/crave-korean-clean.png 1038w\" sizes=\"(max-width: 300px) 100vw, 300px\" \/>\t\t\t\t\t\t\t\t\t\t\t\t\t\t\t<\/div>\n\t\t\t\t<\/div>\n\t\t\t\t<\/div>\n\t\t\t\t<\/div>\n\t\t\t\t<\/div>\n\t\t\t\t<\/div>\n\t\t","protected":false},"excerpt":{"rendered":"<p>\u00a0 Vous r\u00eavez de cuisine cor\u00e9enne? Vous \u00eates au bon endroit. Chez KORYO, nous servons rapidement d\u2019audacieux plats BBQ cor\u00e9ens frais et savoureux. Nous sommes tout feu tout flamme pour le go\u00fbt et l\u2019ambiance afin de satisfaire toutes vos fringales.\u00a0\u00a0\u00a0\u00a0 Savourez les classiques Savourez les classiques\u00a0Fond\u00e9e \u00e0 Calgary en Alberta en 1998, Koryo charme ses [&hellip;]<\/p>\n","protected":false},"author":1,"featured_media":0,"parent":0,"menu_order":0,"comment_status":"closed","ping_status":"closed","template":"elementor_header_footer","meta":{"_acf_changed":false,"footnotes":""},"class_list":["post-28657","page","type-page","status-publish","hentry"],"acf":[],"_links":{"self":[{"href":"https:\/\/koryo.ca\/fr\/wp-json\/wp\/v2\/pages\/28657","targetHints":{"allow":["GET"]}}],"collection":[{"href":"https:\/\/koryo.ca\/fr\/wp-json\/wp\/v2\/pages"}],"about":[{"href":"https:\/\/koryo.ca\/fr\/wp-json\/wp\/v2\/types\/page"}],"author":[{"embeddable":true,"href":"https:\/\/koryo.ca\/fr\/wp-json\/wp\/v2\/users\/1"}],"replies":[{"embeddable":true,"href":"https:\/\/koryo.ca\/fr\/wp-json\/wp\/v2\/comments?post=28657"}],"version-history":[{"count":0,"href":"https:\/\/koryo.ca\/fr\/wp-json\/wp\/v2\/pages\/28657\/revisions"}],"wp:attachment":[{"href":"https:\/\/koryo.ca\/fr\/wp-json\/wp\/v2\/media?parent=28657"}],"curies":[{"name":"wp","href":"https:\/\/api.w.org\/{rel}","templated":true}]}}