{"id":28659,"date":"2025-06-27T16:02:50","date_gmt":"2025-06-27T16:02:50","guid":{"rendered":"https:\/\/koryo.ca\/kor-contact\/"},"modified":"2026-03-24T19:15:25","modified_gmt":"2026-03-24T19:15:25","slug":"kor-contact","status":"publish","type":"page","link":"https:\/\/koryo.ca\/fr\/kor-contact\/","title":{"rendered":"KOR-CONTACT"},"content":{"rendered":"\t\t<div data-elementor-type=\"wp-page\" data-elementor-id=\"28659\" class=\"elementor elementor-28659 elementor-28506\" data-elementor-post-type=\"page\">\n\t\t\t\t<div data-particle_enable=\"false\" data-particle-mobile-disabled=\"false\" class=\"elementor-element elementor-element-3c47db6 e-flex e-con-boxed e-con e-parent\" data-id=\"3c47db6\" data-element_type=\"container\" data-e-type=\"container\" data-settings=\"{&quot;background_background&quot;:&quot;classic&quot;}\">\n\t\t\t\t\t<div class=\"e-con-inner\">\n\t\t<div data-particle_enable=\"false\" data-particle-mobile-disabled=\"false\" class=\"elementor-element elementor-element-63c83cf e-con-full e-flex e-con e-child\" data-id=\"63c83cf\" data-element_type=\"container\" data-e-type=\"container\">\n\t\t\t\t<div class=\"elementor-element elementor-element-07c8ab0 elementor-widget elementor-widget-heading\" data-id=\"07c8ab0\" data-element_type=\"widget\" data-e-type=\"widget\" data-widget_type=\"heading.default\">\n\t\t\t\t<div class=\"elementor-widget-container\">\n\t\t\t\t\t<h2 class=\"elementor-heading-title elementor-size-default\">CONTACTEZ-NOUS<\/h2>\t\t\t\t<\/div>\n\t\t\t\t<\/div>\n\t\t\t\t<div class=\"elementor-element elementor-element-feb986a elementor-widget elementor-widget-text-editor\" data-id=\"feb986a\" data-element_type=\"widget\" data-e-type=\"widget\" data-widget_type=\"text-editor.default\">\n\t\t\t\t<div class=\"elementor-widget-container\">\n\t\t\t\t\t\t\t\t\t<p>Nous appr\u00e9cions vos commentaires et vos opinions. N&#8217;h\u00e9sitez pas \u00e0 nous faire part de votre r\u00e9cente exp\u00e9rience avec Koryo en utilisant notre formulaire de demande de renseignements. Nous sommes heureux de recevoir vos commentaires afin d&#8217;am\u00e9liorer continuellement notre service. Nous vous remercions de votre visite dans nos restaurants.<\/p>\t\t\t\t\t\t\t\t<\/div>\n\t\t\t\t<\/div>\n\t\t\t\t<\/div>\n\t\t\t\t\t<\/div>\n\t\t\t\t<\/div>\n\t\t<div data-particle_enable=\"false\" data-particle-mobile-disabled=\"false\" class=\"elementor-element elementor-element-70f07bd e-flex e-con-boxed e-con e-parent\" data-id=\"70f07bd\" data-element_type=\"container\" data-e-type=\"container\" data-settings=\"{&quot;background_background&quot;:&quot;classic&quot;}\">\n\t\t\t\t\t<div class=\"e-con-inner\">\n\t\t\t\t<div class=\"elementor-element elementor-element-cb75014 elementor-hidden-desktop elementor-hidden-laptop elementor-hidden-tablet_extra elementor-hidden-tablet elementor-hidden-mobile_extra elementor-hidden-mobile e-n-tabs-mobile elementor-widget elementor-widget-n-tabs\" data-id=\"cb75014\" data-element_type=\"widget\" data-e-type=\"widget\" data-settings=\"{&quot;horizontal_scroll&quot;:&quot;disable&quot;}\" data-widget_type=\"nested-tabs.default\">\n\t\t\t\t<div class=\"elementor-widget-container\">\n\t\t\t\t\t\t\t<div class=\"e-n-tabs\" data-widget-number=\"213340180\" aria-label=\"Onglets. Ouvrez des \u00e9l\u00e9ments avec Entrer ou Espace, fermez-les avec Echape et naviguez \u00e0 l&#039;aide des touches fl\u00e9ch\u00e9es.\">\n\t\t\t<div class=\"e-n-tabs-heading\" role=\"tablist\">\n\t\t\t\t\t<button id=\"e-n-tab-title-2133401801\" data-tab-title-id=\"e-n-tab-title-2133401801\" class=\"e-n-tab-title elementor-animation-grow\" aria-selected=\"true\" data-tab-index=\"1\" role=\"tab\" tabindex=\"0\" aria-controls=\"e-n-tab-content-2133401801\" style=\"--n-tabs-title-order: 1;\">\n\t\t\t\t\t\t<span class=\"e-n-tab-title-text\">\n\t\t\t\tFormulaire de demande de renseignements des clients\t\t\t<\/span>\n\t\t<\/button>\n\t\t\t\t<button id=\"e-n-tab-title-2133401802\" data-tab-title-id=\"e-n-tab-title-2133401802\" class=\"e-n-tab-title elementor-animation-grow\" aria-selected=\"false\" data-tab-index=\"2\" role=\"tab\" tabindex=\"-1\" aria-controls=\"e-n-tab-content-2133401802\" style=\"--n-tabs-title-order: 2;\">\n\t\t\t\t\t\t<span class=\"e-n-tab-title-text\">\n\t\t\t\tDemandes de renseignements sur les commandes en ligne\t\t\t<\/span>\n\t\t<\/button>\n\t\t\t\t\t<\/div>\n\t\t\t<div class=\"e-n-tabs-content\">\n\t\t\t\t<div data-particle_enable=\"false\" data-particle-mobile-disabled=\"false\" id=\"e-n-tab-content-2133401801\" role=\"tabpanel\" aria-labelledby=\"e-n-tab-title-2133401801\" data-tab-index=\"1\" style=\"--n-tabs-title-order: 1;\" class=\"e-active elementor-element elementor-element-1acfbb4 e-con-full e-flex e-con e-child\" data-id=\"1acfbb4\" data-element_type=\"container\" data-e-type=\"container\" data-settings=\"{&quot;background_background&quot;:&quot;classic&quot;}\">\n\t\t\t\t<div class=\"elementor-element elementor-element-e875a9b elementor-widget elementor-widget-text-editor\" data-id=\"e875a9b\" data-element_type=\"widget\" data-e-type=\"widget\" data-widget_type=\"text-editor.default\">\n\t\t\t\t<div class=\"elementor-widget-container\">\n\t\t\t\t\t\t\t\t\t<p style=\"text-align: center;\">Customer Inquiry Form<\/p>\t\t\t\t\t\t\t\t<\/div>\n\t\t\t\t<\/div>\n\t\t\t\t<\/div>\n\t\t<div data-particle_enable=\"false\" data-particle-mobile-disabled=\"false\" id=\"e-n-tab-content-2133401802\" role=\"tabpanel\" aria-labelledby=\"e-n-tab-title-2133401802\" data-tab-index=\"2\" style=\"--n-tabs-title-order: 2;\" class=\" elementor-element elementor-element-db115e1 e-con-full e-flex e-con e-child\" data-id=\"db115e1\" data-element_type=\"container\" data-e-type=\"container\" data-settings=\"{&quot;background_background&quot;:&quot;classic&quot;}\">\n\t\t<div data-particle_enable=\"false\" data-particle-mobile-disabled=\"false\" class=\"elementor-element elementor-element-01ed2bd e-con-full e-flex e-con e-child\" data-id=\"01ed2bd\" data-element_type=\"container\" data-e-type=\"container\">\n\t\t\t\t<div class=\"elementor-element elementor-element-0101f5e elementor-widget elementor-widget-shortcode\" data-id=\"0101f5e\" data-element_type=\"widget\" data-e-type=\"widget\" data-widget_type=\"shortcode.default\">\n\t\t\t\t<div class=\"elementor-widget-container\">\n\t\t\t\t\t\t\t<div class=\"elementor-shortcode\"><script type=\"text\/javascript\" src=\"https:\/\/form.jotform.com\/jsform\/231244849025253\"><span data-mce-type=\"bookmark\" style=\"display: inline-block; width: 0px; overflow: hidden; line-height: 0;\" class=\"mce_SELRES_start\">\ufeff<\/span><\/script><\/div>\n\t\t\t\t\t\t<\/div>\n\t\t\t\t<\/div>\n\t\t\t\t<\/div>\n\t\t\t\t<\/div>\n\t\t\t\t\t<\/div>\n\t\t<\/div>\n\t\t\t\t\t\t<\/div>\n\t\t\t\t<\/div>\n\t\t\t\t<div class=\"elementor-element elementor-element-639301d elementor-widget elementor-widget-shortcode\" data-id=\"639301d\" data-element_type=\"widget\" data-e-type=\"widget\" data-widget_type=\"shortcode.default\">\n\t\t\t\t<div class=\"elementor-widget-container\">\n\t\t\t\t\t\t\t<div class=\"elementor-shortcode\"><script type=\"text\/javascript\" src=\"https:\/\/form.jotform.com\/jsform\/232587885676276\"><\/script><\/div>\n\t\t\t\t\t\t<\/div>\n\t\t\t\t<\/div>\n\t\t\t\t\t<\/div>\n\t\t\t\t<\/div>\n\t\t\t\t<\/div>\n\t\t","protected":false},"excerpt":{"rendered":"<p>CONTACTEZ-NOUS Nous appr\u00e9cions vos commentaires et vos opinions. N&#8217;h\u00e9sitez pas \u00e0 nous faire part de votre r\u00e9cente exp\u00e9rience avec Koryo en utilisant notre formulaire de demande de renseignements. Nous sommes heureux de recevoir vos commentaires afin d&#8217;am\u00e9liorer continuellement notre service. Nous vous remercions de votre visite dans nos restaurants. Formulaire de demande de renseignements des [&hellip;]<\/p>\n","protected":false},"author":1,"featured_media":0,"parent":0,"menu_order":0,"comment_status":"closed","ping_status":"closed","template":"elementor_header_footer","meta":{"_acf_changed":false,"footnotes":""},"class_list":["post-28659","page","type-page","status-publish","hentry"],"acf":[],"_links":{"self":[{"href":"https:\/\/koryo.ca\/fr\/wp-json\/wp\/v2\/pages\/28659","targetHints":{"allow":["GET"]}}],"collection":[{"href":"https:\/\/koryo.ca\/fr\/wp-json\/wp\/v2\/pages"}],"about":[{"href":"https:\/\/koryo.ca\/fr\/wp-json\/wp\/v2\/types\/page"}],"author":[{"embeddable":true,"href":"https:\/\/koryo.ca\/fr\/wp-json\/wp\/v2\/users\/1"}],"replies":[{"embeddable":true,"href":"https:\/\/koryo.ca\/fr\/wp-json\/wp\/v2\/comments?post=28659"}],"version-history":[{"count":0,"href":"https:\/\/koryo.ca\/fr\/wp-json\/wp\/v2\/pages\/28659\/revisions"}],"wp:attachment":[{"href":"https:\/\/koryo.ca\/fr\/wp-json\/wp\/v2\/media?parent=28659"}],"curies":[{"name":"wp","href":"https:\/\/api.w.org\/{rel}","templated":true}]}}