{"id":28660,"date":"2025-04-04T15:10:05","date_gmt":"2025-04-04T15:10:05","guid":{"rendered":"https:\/\/koryo.ca\/rewards\/"},"modified":"2025-12-05T15:20:28","modified_gmt":"2025-12-05T15:20:28","slug":"rewards","status":"publish","type":"page","link":"https:\/\/koryo.ca\/fr\/rewards\/","title":{"rendered":"KORYO-REWARDS"},"content":{"rendered":"\t\t<div data-elementor-type=\"wp-page\" data-elementor-id=\"28660\" class=\"elementor elementor-28660 elementor-27845\" data-elementor-post-type=\"page\">\n\t\t\t\t<div data-particle_enable=\"false\" data-particle-mobile-disabled=\"false\" class=\"elementor-element elementor-element-8385736 e-flex e-con-boxed e-con e-parent\" data-id=\"8385736\" data-element_type=\"container\" data-e-type=\"container\" data-settings=\"{&quot;background_background&quot;:&quot;classic&quot;}\">\n\t\t\t\t\t<div class=\"e-con-inner\">\n\t\t\t\t<div class=\"elementor-element elementor-element-e9926ec elementor-widget elementor-widget-heading\" data-id=\"e9926ec\" data-element_type=\"widget\" data-e-type=\"widget\" data-widget_type=\"heading.default\">\n\t\t\t\t<div class=\"elementor-widget-container\">\n\t\t\t\t\t<h2 class=\"elementor-heading-title elementor-size-default\">KORYO REWARDS<\/h2>\t\t\t\t<\/div>\n\t\t\t\t<\/div>\n\t\t\t\t\t<\/div>\n\t\t\t\t<\/div>\n\t\t<div data-particle_enable=\"false\" data-particle-mobile-disabled=\"false\" class=\"elementor-element elementor-element-60b52e5 e-flex e-con-boxed e-con e-parent\" data-id=\"60b52e5\" data-element_type=\"container\" data-e-type=\"container\" data-settings=\"{&quot;background_background&quot;:&quot;classic&quot;}\">\n\t\t\t\t\t<div class=\"e-con-inner\">\n\t\t<div data-particle_enable=\"false\" data-particle-mobile-disabled=\"false\" class=\"elementor-element elementor-element-8a994bd e-grid e-con-full e-con e-child\" data-id=\"8a994bd\" data-element_type=\"container\" data-e-type=\"container\">\n\t\t<div data-particle_enable=\"false\" data-particle-mobile-disabled=\"false\" class=\"elementor-element elementor-element-0199397 e-con-full e-flex e-con e-child\" data-id=\"0199397\" data-element_type=\"container\" data-e-type=\"container\" data-settings=\"{&quot;background_background&quot;:&quot;classic&quot;}\">\n\t\t\t\t<div class=\"elementor-element elementor-element-4e1f5fa elementor-widget elementor-widget-heading\" data-id=\"4e1f5fa\" data-element_type=\"widget\" data-e-type=\"widget\" data-widget_type=\"heading.default\">\n\t\t\t\t<div class=\"elementor-widget-container\">\n\t\t\t\t\t<h2 class=\"elementor-heading-title elementor-size-default\">CHAQUE ACHAT COMPTE <\/h2>\t\t\t\t<\/div>\n\t\t\t\t<\/div>\n\t\t\t\t<div class=\"elementor-element elementor-element-1f0f14c elementor-widget elementor-widget-text-editor\" data-id=\"1f0f14c\" data-element_type=\"widget\" data-e-type=\"widget\" data-widget_type=\"text-editor.default\">\n\t\t\t\t<div class=\"elementor-widget-container\">\n\t\t\t\t\t\t\t\t\t<p><span class=\"TextRun SCXW144128319 BCX0\" lang=\"FR-CA\" xml:lang=\"FR-CA\" data-contrast=\"auto\"><span class=\"NormalTextRun SCXW144128319 BCX0\">Profitez de <\/span><span class=\"NormalTextRun SCXW144128319 BCX0\">r\u00e9ductions sur vos commandes <\/span><span class=\"NormalTextRun SpellingErrorV2Themed SCXW144128319 BCX0\">Koryo<\/span><span class=\"NormalTextRun SCXW144128319 BCX0\"> lorsque vous <\/span><span class=\"NormalTextRun SCXW144128319 BCX0\">adh\u00e9rez aux <\/span><strong><span class=\"NormalTextRun SCXW144128319 BCX0\">R\u00e9compenses <\/span><span class=\"NormalTextRun SpellingErrorV2Themed SCXW144128319 BCX0\">Koryo<\/span><span class=\"NormalTextRun SCXW144128319 BCX0\">!<\/span><\/strong><\/span><span class=\"EOP SCXW144128319 BCX0\" data-ccp-props=\"{}\">\u00a0<\/span><\/p>\t\t\t\t\t\t\t\t<\/div>\n\t\t\t\t<\/div>\n\t\t\t\t<div class=\"elementor-element elementor-element-09ee3bd elementor-widget elementor-widget-button\" data-id=\"09ee3bd\" data-element_type=\"widget\" data-e-type=\"widget\" data-widget_type=\"button.default\">\n\t\t\t\t<div class=\"elementor-widget-container\">\n\t\t\t\t\t\t\t\t\t<div class=\"elementor-button-wrapper\">\n\t\t\t\t\t<a class=\"elementor-button elementor-button-link elementor-size-sm elementor-animation-grow\" href=\"https:\/\/koryo.myloyaltyhub.com\/en\/login\" target=\"_blank\">\n\t\t\t\t\t\t<span class=\"elementor-button-content-wrapper\">\n\t\t\t\t\t\t\t\t\t<span class=\"elementor-button-text\">INSCRIVEZ-VOUS MAINTENANT <\/span>\n\t\t\t\t\t<\/span>\n\t\t\t\t\t<\/a>\n\t\t\t\t<\/div>\n\t\t\t\t\t\t\t\t<\/div>\n\t\t\t\t<\/div>\n\t\t\t\t<\/div>\n\t\t<div data-particle_enable=\"false\" data-particle-mobile-disabled=\"false\" class=\"elementor-element elementor-element-a43f078 e-con-full elementor-hidden-mobile e-flex e-con e-child\" data-id=\"a43f078\" data-element_type=\"container\" data-e-type=\"container\" data-settings=\"{&quot;background_background&quot;:&quot;classic&quot;}\">\n\t\t\t\t<\/div>\n\t\t\t\t<\/div>\n\t\t\t\t\t<\/div>\n\t\t\t\t<\/div>\n\t\t<div data-particle_enable=\"false\" data-particle-mobile-disabled=\"false\" class=\"elementor-element elementor-element-5b3e70a e-flex e-con-boxed e-con e-parent\" data-id=\"5b3e70a\" data-element_type=\"container\" data-e-type=\"container\" data-settings=\"{&quot;background_background&quot;:&quot;classic&quot;}\">\n\t\t\t\t\t<div class=\"e-con-inner\">\n\t\t<div data-particle_enable=\"false\" data-particle-mobile-disabled=\"false\" class=\"elementor-element elementor-element-e5b1a02 e-con-full e-flex e-con e-child\" data-id=\"e5b1a02\" data-element_type=\"container\" data-e-type=\"container\">\n\t\t\t\t<div class=\"elementor-element elementor-element-0885853 elementor-widget elementor-widget-spacer\" data-id=\"0885853\" data-element_type=\"widget\" data-e-type=\"widget\" data-widget_type=\"spacer.default\">\n\t\t\t\t<div class=\"elementor-widget-container\">\n\t\t\t\t\t\t\t<div class=\"elementor-spacer\">\n\t\t\t<div class=\"elementor-spacer-inner\"><\/div>\n\t\t<\/div>\n\t\t\t\t\t\t<\/div>\n\t\t\t\t<\/div>\n\t\t\t\t<div class=\"elementor-element elementor-element-6b21419 elementor-headline--style-highlight elementor-widget elementor-widget-animated-headline\" data-id=\"6b21419\" data-element_type=\"widget\" data-e-type=\"widget\" data-settings=\"{&quot;marker&quot;:&quot;underline_zigzag&quot;,&quot;highlighted_text&quot;:&quot;commencer &quot;,&quot;headline_style&quot;:&quot;highlight&quot;,&quot;loop&quot;:&quot;yes&quot;,&quot;highlight_animation_duration&quot;:1200,&quot;highlight_iteration_delay&quot;:8000}\" data-widget_type=\"animated-headline.default\">\n\t\t\t\t<div class=\"elementor-widget-container\">\n\t\t\t\t\t\t\t<h3 class=\"elementor-headline\">\n\t\t\t\t\t<span class=\"elementor-headline-plain-text elementor-headline-text-wrapper\">Il suffit de <\/span>\n\t\t\t\t<span class=\"elementor-headline-dynamic-wrapper elementor-headline-text-wrapper\">\n\t\t\t\t\t<span class=\"elementor-headline-dynamic-text elementor-headline-text-active\">commencer <\/span>\n\t\t\t\t<\/span>\n\t\t\t\t<\/h3>\n\t\t\t\t\t\t<\/div>\n\t\t\t\t<\/div>\n\t\t\t\t<div class=\"elementor-element elementor-element-243396e elementor-widget elementor-widget-text-editor\" data-id=\"243396e\" data-element_type=\"widget\" data-e-type=\"widget\" data-widget_type=\"text-editor.default\">\n\t\t\t\t<div class=\"elementor-widget-container\">\n\t\t\t\t\t\t\t\t\t<p><span class=\"TextRun SCXW132850876 BCX0\" lang=\"FR-CA\" xml:lang=\"FR-CA\" data-contrast=\"auto\"><span class=\"NormalTextRun SCXW132850876 BCX0\">Profitez de r\u00e9ductions sur vos commandes <\/span><span class=\"NormalTextRun SpellingErrorV2Themed SCXW132850876 BCX0\">Koryo<\/span><span class=\"NormalTextRun SCXW132850876 BCX0\"> lorsque vous adh\u00e9rez aux R\u00e9compenses <\/span><span class=\"NormalTextRun SpellingErrorV2Themed SCXW132850876 BCX0\">Koryo<\/span><span class=\"NormalTextRun SCXW132850876 BCX0\">!<\/span><\/span><span class=\"EOP SCXW132850876 BCX0\" data-ccp-props=\"{}\">\u00a0<\/span><\/p>\t\t\t\t\t\t\t\t<\/div>\n\t\t\t\t<\/div>\n\t\t\t\t<\/div>\n\t\t<div data-particle_enable=\"false\" data-particle-mobile-disabled=\"false\" class=\"elementor-element elementor-element-c031bf5 e-con-full e-flex e-con e-child\" data-id=\"c031bf5\" data-element_type=\"container\" data-e-type=\"container\">\n\t\t<div data-particle_enable=\"false\" data-particle-mobile-disabled=\"false\" class=\"elementor-element elementor-element-846cf0f e-grid e-con-full e-con e-child\" data-id=\"846cf0f\" data-element_type=\"container\" data-e-type=\"container\">\n\t\t\t\t<div class=\"elementor-element elementor-element-80e169e elementor-position-top elementor-widget elementor-widget-image-box\" data-id=\"80e169e\" data-element_type=\"widget\" data-e-type=\"widget\" data-widget_type=\"image-box.default\">\n\t\t\t\t<div class=\"elementor-widget-container\">\n\t\t\t\t\t<div class=\"elementor-image-box-wrapper\"><figure class=\"elementor-image-box-img\"><img decoding=\"async\" width=\"56\" height=\"56\" src=\"https:\/\/koryo.ca\/wp-content\/uploads\/2025\/04\/Rewards-Icon-1.svg\" class=\"attachment-full size-full wp-image-28674\" alt=\"\" \/><\/figure><div class=\"elementor-image-box-content\"><h3 class=\"elementor-image-box-title\">Cr\u00e9ez un compte <\/h3><p class=\"elementor-image-box-description\">Adh\u00e9rez aux R\u00e9compenses Koryo en prenant une carte en restaurant ou en t\u00e9l\u00e9chargeant une carte num\u00e9rique. Inscrivez votre carte pour \u00eatre admissible \u00e0 r\u00e9clamer des r\u00e9compenses et acceptez  de recevoir des communications par courriel, afin de ne rien manquer sur les offres exclusives.* <\/p><\/div><\/div>\t\t\t\t<\/div>\n\t\t\t\t<\/div>\n\t\t\t\t<div class=\"elementor-element elementor-element-e981b1a elementor-position-top elementor-widget elementor-widget-image-box\" data-id=\"e981b1a\" data-element_type=\"widget\" data-e-type=\"widget\" data-widget_type=\"image-box.default\">\n\t\t\t\t<div class=\"elementor-widget-container\">\n\t\t\t\t\t<div class=\"elementor-image-box-wrapper\"><figure class=\"elementor-image-box-img\"><img decoding=\"async\" width=\"56\" height=\"56\" src=\"https:\/\/koryo.ca\/wp-content\/uploads\/2025\/04\/Rewards-Icon-2.svg\" class=\"attachment-full size-full wp-image-28675\" alt=\"\" \/><\/figure><div class=\"elementor-image-box-content\"><h3 class=\"elementor-image-box-title\">Accumulez des r\u00e9compenses en restaurant ou en ligne <\/h3><p class=\"elementor-image-box-description\">Visitez un restaurant et pr\u00e9sentez votre carte, ou passez une commande en ligne sur notre site Web.  <\/p><\/div><\/div>\t\t\t\t<\/div>\n\t\t\t\t<\/div>\n\t\t\t\t<div class=\"elementor-element elementor-element-5ed341a elementor-position-top elementor-widget elementor-widget-image-box\" data-id=\"5ed341a\" data-element_type=\"widget\" data-e-type=\"widget\" data-widget_type=\"image-box.default\">\n\t\t\t\t<div class=\"elementor-widget-container\">\n\t\t\t\t\t<div class=\"elementor-image-box-wrapper\"><figure class=\"elementor-image-box-img\"><img decoding=\"async\" width=\"56\" height=\"56\" src=\"https:\/\/koryo.ca\/wp-content\/uploads\/2025\/04\/Rewards-Icon-3.svg\" class=\"attachment-full size-full wp-image-28676\" alt=\"\" \/><\/figure><div class=\"elementor-image-box-content\"><h3 class=\"elementor-image-box-title\">Obtenez des r\u00e9compenses<\/h3><p class=\"elementor-image-box-description\">Chaque fois que vos achats totalisent 100 $,  vous obtiendrez une r\u00e9compense de 5 $ \u00e0 utiliser lors de l\u2019achat d\u2019autres favoris cor\u00e9ens.  <\/p><\/div><\/div>\t\t\t\t<\/div>\n\t\t\t\t<\/div>\n\t\t\t\t<\/div>\n\t\t\t\t<\/div>\n\t\t\t\t\t<\/div>\n\t\t\t\t<\/div>\n\t\t<div data-particle_enable=\"false\" data-particle-mobile-disabled=\"false\" class=\"elementor-element elementor-element-391b445 e-flex e-con-boxed e-con e-parent\" data-id=\"391b445\" data-element_type=\"container\" data-e-type=\"container\" data-settings=\"{&quot;background_background&quot;:&quot;classic&quot;}\">\n\t\t\t\t\t<div class=\"e-con-inner\">\n\t\t<div data-particle_enable=\"false\" data-particle-mobile-disabled=\"false\" class=\"elementor-element elementor-element-6b29c60 e-con-full e-flex e-con e-child\" data-id=\"6b29c60\" data-element_type=\"container\" data-e-type=\"container\">\n\t\t\t\t<div class=\"elementor-element elementor-element-8fbbd07 elementor-widget elementor-widget-spacer\" data-id=\"8fbbd07\" data-element_type=\"widget\" data-e-type=\"widget\" data-widget_type=\"spacer.default\">\n\t\t\t\t<div class=\"elementor-widget-container\">\n\t\t\t\t\t\t\t<div class=\"elementor-spacer\">\n\t\t\t<div class=\"elementor-spacer-inner\"><\/div>\n\t\t<\/div>\n\t\t\t\t\t\t<\/div>\n\t\t\t\t<\/div>\n\t\t\t\t<div class=\"elementor-element elementor-element-826af27 elementor-widget elementor-widget-heading\" data-id=\"826af27\" data-element_type=\"widget\" data-e-type=\"widget\" data-widget_type=\"heading.default\">\n\t\t\t\t<div class=\"elementor-widget-container\">\n\t\t\t\t\t<h2 class=\"elementor-heading-title elementor-size-default\">R\u00e9compenses pour les membres <\/h2>\t\t\t\t<\/div>\n\t\t\t\t<\/div>\n\t\t\t\t<\/div>\n\t\t<div data-particle_enable=\"false\" data-particle-mobile-disabled=\"false\" class=\"elementor-element elementor-element-8d8369c e-con-full e-flex e-con e-child\" data-id=\"8d8369c\" data-element_type=\"container\" data-e-type=\"container\">\n\t\t<div data-particle_enable=\"false\" data-particle-mobile-disabled=\"false\" class=\"elementor-element elementor-element-9923425 e-grid e-con-full e-con e-child\" data-id=\"9923425\" data-element_type=\"container\" data-e-type=\"container\">\n\t\t\t\t<div class=\"elementor-element elementor-element-bec208a elementor-position-top elementor-widget elementor-widget-image-box\" data-id=\"bec208a\" data-element_type=\"widget\" data-e-type=\"widget\" data-widget_type=\"image-box.default\">\n\t\t\t\t<div class=\"elementor-widget-container\">\n\t\t\t\t\t<div class=\"elementor-image-box-wrapper\"><figure class=\"elementor-image-box-img\"><img loading=\"lazy\" decoding=\"async\" width=\"151\" height=\"150\" src=\"https:\/\/koryo.ca\/wp-content\/uploads\/2025\/04\/Welcome.png\" class=\"elementor-animation-pop attachment-full size-full wp-image-28677\" alt=\"\" \/><\/figure><div class=\"elementor-image-box-content\"><h3 class=\"elementor-image-box-title\">R\u00e9compense de bienvenue <\/h3><p class=\"elementor-image-box-description\">Une boisson PepsiCo de 591 ml gratuite sera ajout\u00e9e \u00e0 votre compte apr\u00e8s avoir inscrit votre carte en ligne et accept\u00e9 de recevoir des communications par courriel. Profitez-en! Cette r\u00e9compense expire 30 jours apr\u00e8s votre inscription.  <\/p><\/div><\/div>\t\t\t\t<\/div>\n\t\t\t\t<\/div>\n\t\t\t\t<div class=\"elementor-element elementor-element-e690059 elementor-position-top elementor-widget elementor-widget-image-box\" data-id=\"e690059\" data-element_type=\"widget\" data-e-type=\"widget\" data-widget_type=\"image-box.default\">\n\t\t\t\t<div class=\"elementor-widget-container\">\n\t\t\t\t\t<div class=\"elementor-image-box-wrapper\"><figure class=\"elementor-image-box-img\"><img loading=\"lazy\" decoding=\"async\" width=\"151\" height=\"150\" src=\"https:\/\/koryo.ca\/wp-content\/uploads\/2025\/04\/Birthday-1.png\" class=\"elementor-animation-pop attachment-full size-full wp-image-28679\" alt=\"\" \/><\/figure><div class=\"elementor-image-box-content\"><h3 class=\"elementor-image-box-title\">Boni d\u2019anniversaire <\/h3><p class=\"elementor-image-box-description\">Les anniversaires m\u00e9ritent d\u2019\u00eatre soulign\u00e9s et le v\u00f4tre aussi! \u00c0 l\u2019approche de votre anniversaire, nous ajouterons une R\u00c9COMPENSE DE 4 $ \u00e0 votre compte, laquelle sera valide pendant 30 jours. <\/p><\/div><\/div>\t\t\t\t<\/div>\n\t\t\t\t<\/div>\n\t\t\t\t<div class=\"elementor-element elementor-element-a4fda92 elementor-position-top elementor-widget elementor-widget-image-box\" data-id=\"a4fda92\" data-element_type=\"widget\" data-e-type=\"widget\" data-widget_type=\"image-box.default\">\n\t\t\t\t<div class=\"elementor-widget-container\">\n\t\t\t\t\t<div class=\"elementor-image-box-wrapper\"><figure class=\"elementor-image-box-img\"><img loading=\"lazy\" decoding=\"async\" width=\"151\" height=\"150\" src=\"https:\/\/koryo.ca\/wp-content\/uploads\/2025\/04\/Member-copy-2.png\" class=\"elementor-animation-pop attachment-full size-full wp-image-28682\" alt=\"\" \/><\/figure><div class=\"elementor-image-box-content\"><h3 class=\"elementor-image-box-title\">Offres exclusives aux membres <\/h3><p class=\"elementor-image-box-description\">Les membres sont les premiers \u00e0 \u00eatre inform\u00e9s d\u2019offres et de promotions exclusives. Profitez d\u2019offres all\u00e9chantes qui vous permettent d\u2019\u00e9conomiser quand l\u2019envie de cuisine cor\u00e9enne vous prend. <\/p><\/div><\/div>\t\t\t\t<\/div>\n\t\t\t\t<\/div>\n\t\t\t\t<\/div>\n\t\t\t\t<\/div>\n\t\t<div data-particle_enable=\"false\" data-particle-mobile-disabled=\"false\" class=\"elementor-element elementor-element-9a84f83 e-flex e-con-boxed e-con e-child\" data-id=\"9a84f83\" data-element_type=\"container\" data-e-type=\"container\">\n\t\t\t\t\t<div class=\"e-con-inner\">\n\t\t\t\t<div class=\"elementor-element elementor-element-06f6b53 elementor-widget elementor-widget-text-editor\" data-id=\"06f6b53\" data-element_type=\"widget\" data-e-type=\"widget\" data-widget_type=\"text-editor.default\">\n\t\t\t\t<div class=\"elementor-widget-container\">\n\t\t\t\t\t\t\t\t\t<p><span class=\"TextRun SCXW144732200 BCX0\" lang=\"FR-CA\" xml:lang=\"FR-CA\" data-contrast=\"auto\"><span class=\"NormalTextRun SCXW144732200 BCX0\">Les cartes R\u00c9COMPENSES <\/span><span class=\"NormalTextRun SCXW144732200 BCX0\">KORYO<\/span><span class=\"NormalTextRun SCXW144732200 BCX0\"> DOIVENT \u00eatre inscrites en ligne afin de devenir membre du programme R\u00c9COMPENSES K<\/span><span class=\"NormalTextRun SCXW144732200 BCX0\">ORYO <\/span><span class=\"NormalTextRun SCXW144732200 BCX0\">et d\u2019\u00eatre admissible \u00e0 R\u00c9CLAMER DES R\u00c9COMPENSES. Les membres DOIVENT ACCEPTER DE RECEVOIR des communications par courriel pour \u00eatre avis\u00e9s de la r\u00e9compense de BIENVENUE, du boni d\u2019ANNIVERSAIRE et d\u2019autres offres et promotions exclusives. Les offres de bienvenue et d\u2019anniversaire sont valides pendant 30 jours. Le programme est valide uniquement pour les achats effectu\u00e9s en restaurant. Ne s\u2019applique PAS aux commandes pour livraison. Visitez <\/span><span class=\"NormalTextRun SCXW144732200 BCX0\">koryo<\/span><span class=\"NormalTextRun SCXW144732200 BCX0\">.ca\/<\/span><span class=\"NormalTextRun SpellingErrorV2Themed SCXW144732200 BCX0\">koryo<\/span><span class=\"NormalTextRun SpellingErrorV2Themed SCXW144732200 BCX0\">rewards<\/span><span class=\"NormalTextRun SCXW144732200 BCX0\"> pour consulter tous les d\u00e9tails li\u00e9s au programme. <\/span><span class=\"NormalTextRun SCXW144732200 BCX0\">Le programme est offert dans les restaurants <\/span><span class=\"NormalTextRun SpellingErrorV2Themed SCXW144732200 BCX0\">Koryo<\/span> <span class=\"NormalTextRun SCXW144732200 BCX0\">Barbecue <\/span><span class=\"NormalTextRun SCXW144732200 BCX0\">Cor\u00e9en <\/span><span class=\"NormalTextRun SCXW144732200 BCX0\">participants.<\/span><\/span><span class=\"EOP SCXW144732200 BCX0\" data-ccp-props=\"{}\">\u00a0<\/span><\/p>\t\t\t\t\t\t\t\t<\/div>\n\t\t\t\t<\/div>\n\t\t\t\t\t<\/div>\n\t\t\t\t<\/div>\n\t\t\t\t\t<\/div>\n\t\t\t\t<\/div>\n\t\t<div data-particle_enable=\"false\" data-particle-mobile-disabled=\"false\" class=\"elementor-element elementor-element-b256b21 e-flex e-con-boxed e-con e-parent\" data-id=\"b256b21\" data-element_type=\"container\" data-e-type=\"container\">\n\t\t\t\t\t<div class=\"e-con-inner\">\n\t\t\t\t<div class=\"elementor-element elementor-element-6540690 elementor-widget elementor-widget-text-editor\" data-id=\"6540690\" data-element_type=\"widget\" data-e-type=\"widget\" data-widget_type=\"text-editor.default\">\n\t\t\t\t<div class=\"elementor-widget-container\">\n\t\t\t\t\t\t\t\t\t<p><a href=\"https:\/\/koryo.ca\/rewards-faq\/\">Foire aux questions | <\/a><a href=\"https:\/\/koryo.ca\/wp-content\/uploads\/2025\/12\/2025-07-08-LOYALTY-TCs-KORYO-REWARDS-MASTER-FR-CLEAN.pdf\">Programme de conditions <\/a><\/p>\t\t\t\t\t\t\t\t<\/div>\n\t\t\t\t<\/div>\n\t\t\t\t\t<\/div>\n\t\t\t\t<\/div>\n\t\t\t\t<\/div>\n\t\t","protected":false},"excerpt":{"rendered":"<p>KORYO REWARDS CHAQUE ACHAT COMPTE Profitez de r\u00e9ductions sur vos commandes Koryo lorsque vous adh\u00e9rez aux R\u00e9compenses Koryo!\u00a0 INSCRIVEZ-VOUS MAINTENANT Il suffit de commencer Profitez de r\u00e9ductions sur vos commandes Koryo lorsque vous adh\u00e9rez aux R\u00e9compenses Koryo!\u00a0 Cr\u00e9ez un compte Adh\u00e9rez aux R\u00e9compenses Koryo en prenant une carte en restaurant ou en t\u00e9l\u00e9chargeant une carte [&hellip;]<\/p>\n","protected":false},"author":8,"featured_media":0,"parent":0,"menu_order":0,"comment_status":"closed","ping_status":"closed","template":"redux-templates_full_width","meta":{"_acf_changed":false,"footnotes":""},"class_list":["post-28660","page","type-page","status-publish","hentry"],"acf":[],"_links":{"self":[{"href":"https:\/\/koryo.ca\/fr\/wp-json\/wp\/v2\/pages\/28660","targetHints":{"allow":["GET"]}}],"collection":[{"href":"https:\/\/koryo.ca\/fr\/wp-json\/wp\/v2\/pages"}],"about":[{"href":"https:\/\/koryo.ca\/fr\/wp-json\/wp\/v2\/types\/page"}],"author":[{"embeddable":true,"href":"https:\/\/koryo.ca\/fr\/wp-json\/wp\/v2\/users\/8"}],"replies":[{"embeddable":true,"href":"https:\/\/koryo.ca\/fr\/wp-json\/wp\/v2\/comments?post=28660"}],"version-history":[{"count":0,"href":"https:\/\/koryo.ca\/fr\/wp-json\/wp\/v2\/pages\/28660\/revisions"}],"wp:attachment":[{"href":"https:\/\/koryo.ca\/fr\/wp-json\/wp\/v2\/media?parent=28660"}],"curies":[{"name":"wp","href":"https:\/\/api.w.org\/{rel}","templated":true}]}}